{"id":607,"date":"2009-09-06T22:04:39","date_gmt":"2009-09-06T20:04:39","guid":{"rendered":"http:\/\/www.blogbbmontessori.com\/?page_id=607"},"modified":"2014-07-16T20:25:12","modified_gmt":"2014-07-16T18:25:12","slug":"copyright","status":"publish","type":"page","link":"https:\/\/www.blogbbmontessori.com\/?page_id=607","title":{"rendered":"Copyright"},"content":{"rendered":"<p>Tous les textes, photos et illustrations publi\u00e9s sur ce blog et r\u00e9alis\u00e9s par les auteurs,<br \/>\nsoit appartiennent aux cr\u00e9ateurs du blog, soit ont la source cit\u00e9e.<\/p>\n<p>Les pictogrammes viennent du site : <a href=\"http:\/\/catedu.es\/arasaac\/\" target=\"_blank\">http:\/\/catedu.es\/arasaac\/<\/a><\/p>\n<p>Ainsi, toute reproduction, diffusion publique ou usage commercial sont interdits sans l&rsquo;autorisation du webma\u00eetre.<\/p>\n<p>Pour toute demande envoyez-nous un email \u00e0 <a href=\"contact@blogbbmontessori.com\" target=\"_blank\">contact@blogbbmontessori.com<\/a><\/p>\n","protected":false},"excerpt":{"rendered":"<p>Tous les textes, photos et illustrations publi\u00e9s sur ce blog et r\u00e9alis\u00e9s par les auteurs, soit appartiennent aux cr\u00e9ateurs du blog, soit ont la source cit\u00e9e. Les pictogrammes viennent du site : http:\/\/catedu.es\/arasaac\/ Ainsi, toute reproduction, diffusion publique ou usage commercial sont interdits sans l&rsquo;autorisation du webma\u00eetre. Pour toute demande envoyez-nous un email \u00e0 contact@blogbbmontessori.com<\/p>\n","protected":false},"author":2,"featured_media":0,"parent":0,"menu_order":0,"comment_status":"open","ping_status":"open","template":"","meta":{"jetpack_post_was_ever_published":false,"footnotes":""},"class_list":["post-607","page","type-page","status-publish","hentry"],"jetpack_sharing_enabled":true,"jetpack_shortlink":"https:\/\/wp.me\/Pm9U2-9N","_links":{"self":[{"href":"https:\/\/www.blogbbmontessori.com\/index.php?rest_route=\/wp\/v2\/pages\/607","targetHints":{"allow":["GET"]}}],"collection":[{"href":"https:\/\/www.blogbbmontessori.com\/index.php?rest_route=\/wp\/v2\/pages"}],"about":[{"href":"https:\/\/www.blogbbmontessori.com\/index.php?rest_route=\/wp\/v2\/types\/page"}],"author":[{"embeddable":true,"href":"https:\/\/www.blogbbmontessori.com\/index.php?rest_route=\/wp\/v2\/users\/2"}],"replies":[{"embeddable":true,"href":"https:\/\/www.blogbbmontessori.com\/index.php?rest_route=%2Fwp%2Fv2%2Fcomments&post=607"}],"version-history":[{"count":5,"href":"https:\/\/www.blogbbmontessori.com\/index.php?rest_route=\/wp\/v2\/pages\/607\/revisions"}],"predecessor-version":[{"id":9862,"href":"https:\/\/www.blogbbmontessori.com\/index.php?rest_route=\/wp\/v2\/pages\/607\/revisions\/9862"}],"wp:attachment":[{"href":"https:\/\/www.blogbbmontessori.com\/index.php?rest_route=%2Fwp%2Fv2%2Fmedia&parent=607"}],"curies":[{"name":"wp","href":"https:\/\/api.w.org\/{rel}","templated":true}]}}